{"id":7032,"date":"2020-10-19T11:49:47","date_gmt":"2020-10-19T09:49:47","guid":{"rendered":"https:\/\/omgmarketing.pl\/contact-us\/"},"modified":"2023-10-23T19:26:32","modified_gmt":"2023-10-23T17:26:32","slug":"contact-us","status":"publish","type":"page","link":"https:\/\/omgmarketing.pl\/en\/contact-us\/","title":{"rendered":"Contact Us"},"content":{"rendered":"<p>[vc_section css=&#8221;.vc_custom_1603618919496{background-image: url(https:\/\/unitedthemes-xml.s3.eu-central-1.amazonaws.com\/demo_46\/2020\/10\/brooklyn-team-section-bg.jpg?id=6337) !important;background-position: center !important;background-repeat: no-repeat !important;background-size: cover !important;}&#8221;][vc_row delay=&#8221;true&#8221; el_name=&#8221;Column has BG Image \/ Row has animation&#8221; effect=&#8221;fadeIn&#8221;][vc_column]<div class=\"wpb_content_element \"><style type=\"text\/css\">#ut_header_69de6fcf323ab h1.section-title { font-size:80px !important;line-height:90px !important;letter-spacing:-0.03em; }#ut_header_69de6fcf323ab .section-title ins { color:#d6041f; }<\/style><header id=\"ut_header_69de6fcf323ab\" class=\"section-header  ut-no-lead-linebreak-mobile pt-style-7 header-left header-tablet-left header-mobile-center element-with-custom-line-height\"><div class=\"element-with-custom-line-height\" ><h1 data-title=\"Bring your marketing&#13;&#10;to the OMG level.\"  data-responsive-font=\"section_title\" data-responsive-font-settings=\"{&quot;base-font-size&quot;:&quot;80&quot;,&quot;font-size-unit&quot;:&quot;px&quot;,&quot;font-size&quot;:{&quot;desktop_large&quot;:&quot;80&quot;},&quot;base-line-height&quot;:&quot;90&quot;,&quot;line-height-unit&quot;:&quot;px&quot;,&quot;line-height&quot;:{&quot;desktop_large&quot;:&quot;90&quot;},&quot;base-letter-spacing&quot;:&quot;global&quot;,&quot;letter-spacing&quot;:{&quot;desktop_large&quot;:&quot;-0.03&quot;}}\" class=\"section-title title-with-linebreak \"><span>Bring your marketing<br \/>\nto the OMG level<ins>.<\/ins><\/span><\/h1><\/div><div data-delay=\"0\" class=\"lead title-with-linebreak\"><p>Contact us and we&#8217;ll tell you how we can help your business.<\/p>\n<\/div><\/header><\/div>[\/vc_column][\/vc_row][vc_row delay=&#8221;true&#8221; effect=&#8221;fadeIn&#8221; el_name=&#8221;Row has animation&#8221;][vc_column width=&#8221;5\/12&#8243;]<div id=\"ut_cf7_colors_69de6fcf3a436\" class=\"wpb_content_element  \">\n<div class=\"wpcf7 no-js\" id=\"wpcf7-f7036-o1\" lang=\"en-US\" dir=\"ltr\">\n<div class=\"screen-reader-response\"><p role=\"status\" aria-live=\"polite\" aria-atomic=\"true\"><\/p> <ul><\/ul><\/div>\n<form action=\"\/en\/wp-json\/wp\/v2\/pages\/7032#wpcf7-f7036-o1\" method=\"post\" class=\"wpcf7-form init\" aria-label=\"Contact form\" novalidate=\"novalidate\" data-status=\"init\">\n<div style=\"display: none;\">\n<input type=\"hidden\" name=\"_wpcf7\" value=\"7036\" \/>\n<input type=\"hidden\" name=\"_wpcf7_version\" value=\"5.7.7\" \/>\n<input type=\"hidden\" name=\"_wpcf7_locale\" value=\"en_US\" \/>\n<input type=\"hidden\" name=\"_wpcf7_unit_tag\" value=\"wpcf7-f7036-o1\" \/>\n<input type=\"hidden\" name=\"_wpcf7_container_post\" value=\"0\" \/>\n<input type=\"hidden\" name=\"_wpcf7_posted_data_hash\" value=\"\" \/>\n<input type=\"hidden\" name=\"_wpcf7_recaptcha_response\" value=\"\" \/>\n<\/div>\n<p><label> Name<br \/>\n<span class=\"wpcf7-form-control-wrap\" data-name=\"your-name\"><input size=\"40\" class=\"wpcf7-form-control wpcf7-text wpcf7-validates-as-required\" aria-required=\"true\" aria-invalid=\"false\" value=\"\" type=\"text\" name=\"your-name\" \/><\/span> <\/label>\n<\/p>\n<p><label> E-mail<br \/>\n<span class=\"wpcf7-form-control-wrap\" data-name=\"your-email\"><input size=\"40\" class=\"wpcf7-form-control wpcf7-text wpcf7-email wpcf7-validates-as-required wpcf7-validates-as-email\" aria-required=\"true\" aria-invalid=\"false\" value=\"\" type=\"email\" name=\"your-email\" \/><\/span> <\/label>\n<\/p>\n<p><label> Phone (optional)<br \/>\n<span class=\"wpcf7-form-control-wrap\" data-name=\"tel-306\"><input size=\"40\" class=\"wpcf7-form-control wpcf7-text wpcf7-tel wpcf7-validates-as-tel\" aria-invalid=\"false\" value=\"\" type=\"tel\" name=\"tel-306\" \/><\/span> <\/label>\n<\/p>\n<p><label> Website<br \/>\n<span class=\"wpcf7-form-control-wrap\" data-name=\"text-858\"><input size=\"40\" class=\"wpcf7-form-control wpcf7-text wpcf7-validates-as-required\" aria-required=\"true\" aria-invalid=\"false\" value=\"\" type=\"text\" name=\"text-858\" \/><\/span> <\/label>\n<\/p>\n<p><label> How can we help you?<br \/>\n<span class=\"wpcf7-form-control-wrap\" data-name=\"your-message\"><textarea cols=\"40\" rows=\"10\" class=\"wpcf7-form-control wpcf7-textarea\" aria-invalid=\"false\" name=\"your-message\"><\/textarea><\/span> <\/label>\n<\/p>\n<p><input class=\"wpcf7-form-control has-spinner wpcf7-submit\" type=\"submit\" value=\"Send\" \/>\n<\/p>\n<p><span class=\"wpcf7-form-control-wrap\" data-name=\"acceptance-849\"><span class=\"wpcf7-form-control wpcf7-acceptance\"><span class=\"wpcf7-list-item\"><label><input type=\"checkbox\" name=\"acceptance-849\" value=\"1\" aria-invalid=\"false\" \/><span class=\"wpcf7-list-item-label\">I declare that I accept the <a href=\"https:\/\/omgmarketing.pl\/polityka-prywatnosci\/\" target=\"_blank\">Privacy Policy<\/a> and agree to the processing of my personal data.<\/span><\/label><\/span><\/span><\/span>\n<\/p><div class=\"wpcf7-response-output\" aria-hidden=\"true\"><\/div>\n<\/form>\n<\/div>\n<\/div>[\/vc_column][vc_column width=&#8221;7\/12&#8243;][vc_gmaps link=&#8221;#E-8_JTNDaWZyYW1lJTIwc3JjJTNEJTIyaHR0cHMlM0ElMkYlMkZ3d3cuZ29vZ2xlLmNvbSUyRm1hcHMlMkZlbWJlZCUzRnBiJTNEJTIxMW0xOCUyMTFtMTIlMjExbTMlMjExZDEyMTcuMDQxNTE4NzcyMDkyNiUyMTJkMTYuOTM2MTI0NjU2NjY3Nzg2JTIxM2Q1Mi40MDUxNzEyNTI0ODU2NyUyMTJtMyUyMTFmMCUyMTJmMCUyMTNmMCUyMTNtMiUyMTFpMTAyNCUyMTJpNzY4JTIxNGYxMy4xJTIxM20zJTIxMW0yJTIxMXMweDQ3MDQ1YjNmYjNhZDU4NmIlMjUzQTB4ZDNkZmMzMDdjZWE4YzVlNiUyMTJzT01HJTI1MjAtJTI1MjBIUiUyNTIwTWFya2V0aW5nJTIxNWUwJTIxM20yJTIxMXNwbCUyMTJzcGwlMjE0djE2MjExMDI2Mzk1NzYlMjE1bTIlMjExc3BsJTIxMnNwbCUyMiUyMHdpZHRoJTNEJTIyNjAwJTIyJTIwaGVpZ2h0JTNEJTIyMzAwJTIyJTIwZnJhbWVib3JkZXIlM0QlMjIwJTIyJTIwc3R5bGUlM0QlMjJiYWNrZ3JvdW5kJTNBZ3JleSUyMiUyMGFsbG93ZnVsbHNjcmVlbiUzRSUzQyUyRmlmcmFtZSUzRQ==&#8221;]<style type=\"text\/css\">#ut_custom_heading69de6fcf3d220 { text-align:left; }@media (min-width: 768px) and (max-width: 1024px) { #ut_custom_heading69de6fcf3d220 { text-align:left; } }@media (max-width: 767px) { #ut_custom_heading69de6fcf3d220 { text-align:left; } }<\/style><p id=\"ut_custom_heading69de6fcf3d220\" data-responsive-font=\"p\" class=\"ut-custom-heading-module  \" ><span class=\"\" ><\/p>\n<h3>OMG Marketing Kisielewski Matczak Sp. J.<\/h3>\n<p>ul. Garbary 35\/9, 61-868 Pozna\u0144<\/p>\n<p>VAT number: 7831731767<br \/>\nREGON: 36276527400000<br \/>\nKRS: 0000581220<\/span><\/p>[\/vc_column][\/vc_row][\/vc_section]<\/p>\n","protected":false},"excerpt":{"rendered":"<p>[vc_section css=&#8221;.vc_custom_1603618919496{background-image: url(https:\/\/unitedthemes-xml.s3.eu-central-1.amazonaws.com\/demo_46\/2020\/10\/brooklyn-team-section-bg.jpg?id=6337) !important;background-position: center !important;background-repeat: no-repeat !important;background-size: cover !important;}&#8221;][vc_row delay=&#8221;true&#8221; el_name=&#8221;Column has BG Image \/ Row has animation&#8221; effect=&#8221;fadeIn&#8221;][vc_column][\/vc_column][\/vc_row][vc_row delay=&#8221;true&#8221; effect=&#8221;fadeIn&#8221; el_name=&#8221;Row has animation&#8221;][vc_column width=&#8221;5\/12&#8243;][\/vc_column][vc_column width=&#8221;7\/12&#8243;][vc_gmaps link=&#8221;#E-8_JTNDaWZyYW1lJTIwc3JjJTNEJTIyaHR0cHMlM0ElMkYlMkZ3d3cuZ29vZ2xlLmNvbSUyRm1hcHMlMkZlbWJlZCUzRnBiJTNEJTIxMW0xOCUyMTFtMTIlMjExbTMlMjExZDEyMTcuMDQxNTE4NzcyMDkyNiUyMTJkMTYuOTM2MTI0NjU2NjY3Nzg2JTIxM2Q1Mi40MDUxNzEyNTI0ODU2NyUyMTJtMyUyMTFmMCUyMTJmMCUyMTNmMCUyMTNtMiUyMTFpMTAyNCUyMTJpNzY4JTIxNGYxMy4xJTIxM20zJTIxMW0yJTIxMXMweDQ3MDQ1YjNmYjNhZDU4NmIlMjUzQTB4ZDNkZmMzMDdjZWE4YzVlNiUyMTJzT01HJTI1MjAtJTI1MjBIUiUyNTIwTWFya2V0aW5nJTIxNWUwJTIxM20yJTIxMXNwbCUyMTJzcGwlMjE0djE2MjExMDI2Mzk1NzYlMjE1bTIlMjExc3BsJTIxMnNwbCUyMiUyMHdpZHRoJTNEJTIyNjAwJTIyJTIwaGVpZ2h0JTNEJTIyMzAwJTIyJTIwZnJhbWVib3JkZXIlM0QlMjIwJTIyJTIwc3R5bGUlM0QlMjJiYWNrZ3JvdW5kJTNBZ3JleSUyMiUyMGFsbG93ZnVsbHNjcmVlbiUzRSUzQyUyRmlmcmFtZSUzRQ==&#8221;][\/vc_column][\/vc_row][\/vc_section]<\/p>\n","protected":false},"author":1,"featured_media":0,"parent":0,"menu_order":0,"comment_status":"closed","ping_status":"closed","template":"","meta":[],"yoast_head":"<!-- This site is optimized with the Yoast SEO plugin v20.5 - https:\/\/yoast.com\/wordpress\/plugins\/seo\/ -->\n<title>Contact Us - OMG Marketing<\/title>\n<meta name=\"robots\" content=\"index, follow, max-snippet:-1, max-image-preview:large, max-video-preview:-1\" \/>\n<link rel=\"canonical\" href=\"https:\/\/omgmarketing.pl\/en\/contact-us\/\" \/>\n<meta property=\"og:locale\" content=\"en_US\" \/>\n<meta property=\"og:type\" content=\"article\" \/>\n<meta property=\"og:title\" content=\"Contact Us - OMG Marketing\" \/>\n<meta property=\"og:description\" content=\"[vc_section css=&#8221;.vc_custom_1603618919496{background-image: url(https:\/\/unitedthemes-xml.s3.eu-central-1.amazonaws.com\/demo_46\/2020\/10\/brooklyn-team-section-bg.jpg?id=6337) !important;background-position: center !important;background-repeat: no-repeat !important;background-size: cover !important;}&#8221;][vc_row delay=&#8221;true&#8221; el_name=&#8221;Column has BG Image \/ Row has animation&#8221; effect=&#8221;fadeIn&#8221;][vc_column][\/vc_column][\/vc_row][vc_row delay=&#8221;true&#8221; effect=&#8221;fadeIn&#8221; el_name=&#8221;Row has animation&#8221;][vc_column width=&#8221;5\/12&#8243;][\/vc_column][vc_column width=&#8221;7\/12&#8243;][vc_gmaps link=&#8221;#E-8_JTNDaWZyYW1lJTIwc3JjJTNEJTIyaHR0cHMlM0ElMkYlMkZ3d3cuZ29vZ2xlLmNvbSUyRm1hcHMlMkZlbWJlZCUzRnBiJTNEJTIxMW0xOCUyMTFtMTIlMjExbTMlMjExZDEyMTcuMDQxNTE4NzcyMDkyNiUyMTJkMTYuOTM2MTI0NjU2NjY3Nzg2JTIxM2Q1Mi40MDUxNzEyNTI0ODU2NyUyMTJtMyUyMTFmMCUyMTJmMCUyMTNmMCUyMTNtMiUyMTFpMTAyNCUyMTJpNzY4JTIxNGYxMy4xJTIxM20zJTIxMW0yJTIxMXMweDQ3MDQ1YjNmYjNhZDU4NmIlMjUzQTB4ZDNkZmMzMDdjZWE4YzVlNiUyMTJzT01HJTI1MjAtJTI1MjBIUiUyNTIwTWFya2V0aW5nJTIxNWUwJTIxM20yJTIxMXNwbCUyMTJzcGwlMjE0djE2MjExMDI2Mzk1NzYlMjE1bTIlMjExc3BsJTIxMnNwbCUyMiUyMHdpZHRoJTNEJTIyNjAwJTIyJTIwaGVpZ2h0JTNEJTIyMzAwJTIyJTIwZnJhbWVib3JkZXIlM0QlMjIwJTIyJTIwc3R5bGUlM0QlMjJiYWNrZ3JvdW5kJTNBZ3JleSUyMiUyMGFsbG93ZnVsbHNjcmVlbiUzRSUzQyUyRmlmcmFtZSUzRQ==&#8221;][\/vc_column][\/vc_row][\/vc_section]\" \/>\n<meta property=\"og:url\" content=\"https:\/\/omgmarketing.pl\/en\/contact-us\/\" \/>\n<meta property=\"og:site_name\" content=\"OMG Marketing\" \/>\n<meta property=\"article:publisher\" content=\"https:\/\/www.facebook.com\/OMG.marketing.services\" \/>\n<meta property=\"article:modified_time\" content=\"2023-10-23T17:26:32+00:00\" \/>\n<meta name=\"twitter:card\" content=\"summary_large_image\" \/>\n<meta name=\"twitter:label1\" content=\"Est. reading time\" \/>\n\t<meta name=\"twitter:data1\" content=\"1 minute\" \/>\n<script type=\"application\/ld+json\" class=\"yoast-schema-graph\">{\"@context\":\"https:\/\/schema.org\",\"@graph\":[{\"@type\":\"WebPage\",\"@id\":\"https:\/\/omgmarketing.pl\/en\/contact-us\/\",\"url\":\"https:\/\/omgmarketing.pl\/en\/contact-us\/\",\"name\":\"Contact Us - OMG Marketing\",\"isPartOf\":{\"@id\":\"https:\/\/omgmarketing.pl\/#website\"},\"datePublished\":\"2020-10-19T09:49:47+00:00\",\"dateModified\":\"2023-10-23T17:26:32+00:00\",\"breadcrumb\":{\"@id\":\"https:\/\/omgmarketing.pl\/en\/contact-us\/#breadcrumb\"},\"inLanguage\":\"en-US\",\"potentialAction\":[{\"@type\":\"ReadAction\",\"target\":[\"https:\/\/omgmarketing.pl\/en\/contact-us\/\"]}]},{\"@type\":\"BreadcrumbList\",\"@id\":\"https:\/\/omgmarketing.pl\/en\/contact-us\/#breadcrumb\",\"itemListElement\":[{\"@type\":\"ListItem\",\"position\":1,\"name\":\"Home\",\"item\":\"https:\/\/omgmarketing.pl\/en\/\"},{\"@type\":\"ListItem\",\"position\":2,\"name\":\"Contact Us\"}]},{\"@type\":\"WebSite\",\"@id\":\"https:\/\/omgmarketing.pl\/#website\",\"url\":\"https:\/\/omgmarketing.pl\/\",\"name\":\"OMG Marketing\",\"description\":\"| Tw\u00f3j Zewn\u0119trzny Dzia\u0142 Marketingu\",\"publisher\":{\"@id\":\"https:\/\/omgmarketing.pl\/#organization\"},\"potentialAction\":[{\"@type\":\"SearchAction\",\"target\":{\"@type\":\"EntryPoint\",\"urlTemplate\":\"https:\/\/omgmarketing.pl\/?s={search_term_string}\"},\"query-input\":\"required name=search_term_string\"}],\"inLanguage\":\"en-US\"},{\"@type\":\"Organization\",\"@id\":\"https:\/\/omgmarketing.pl\/#organization\",\"name\":\"OMG Marketing\",\"url\":\"https:\/\/omgmarketing.pl\/\",\"logo\":{\"@type\":\"ImageObject\",\"inLanguage\":\"en-US\",\"@id\":\"https:\/\/omgmarketing.pl\/#\/schema\/logo\/image\/\",\"url\":\"https:\/\/omgmarketing.pl\/wp-content\/uploads\/2021\/03\/omg_logo_fb.png\",\"contentUrl\":\"https:\/\/omgmarketing.pl\/wp-content\/uploads\/2021\/03\/omg_logo_fb.png\",\"width\":300,\"height\":300,\"caption\":\"OMG Marketing\"},\"image\":{\"@id\":\"https:\/\/omgmarketing.pl\/#\/schema\/logo\/image\/\"},\"sameAs\":[\"https:\/\/www.facebook.com\/OMG.marketing.services\"]}]}<\/script>\n<!-- \/ Yoast SEO plugin. -->","yoast_head_json":{"title":"Contact Us - OMG Marketing","robots":{"index":"index","follow":"follow","max-snippet":"max-snippet:-1","max-image-preview":"max-image-preview:large","max-video-preview":"max-video-preview:-1"},"canonical":"https:\/\/omgmarketing.pl\/en\/contact-us\/","og_locale":"en_US","og_type":"article","og_title":"Contact Us - OMG Marketing","og_description":"[vc_section css=&#8221;.vc_custom_1603618919496{background-image: url(https:\/\/unitedthemes-xml.s3.eu-central-1.amazonaws.com\/demo_46\/2020\/10\/brooklyn-team-section-bg.jpg?id=6337) !important;background-position: center !important;background-repeat: no-repeat !important;background-size: cover !important;}&#8221;][vc_row delay=&#8221;true&#8221; el_name=&#8221;Column has BG Image \/ Row has animation&#8221; effect=&#8221;fadeIn&#8221;][vc_column][\/vc_column][\/vc_row][vc_row delay=&#8221;true&#8221; effect=&#8221;fadeIn&#8221; el_name=&#8221;Row has animation&#8221;][vc_column width=&#8221;5\/12&#8243;][\/vc_column][vc_column width=&#8221;7\/12&#8243;][vc_gmaps link=&#8221;#E-8_JTNDaWZyYW1lJTIwc3JjJTNEJTIyaHR0cHMlM0ElMkYlMkZ3d3cuZ29vZ2xlLmNvbSUyRm1hcHMlMkZlbWJlZCUzRnBiJTNEJTIxMW0xOCUyMTFtMTIlMjExbTMlMjExZDEyMTcuMDQxNTE4NzcyMDkyNiUyMTJkMTYuOTM2MTI0NjU2NjY3Nzg2JTIxM2Q1Mi40MDUxNzEyNTI0ODU2NyUyMTJtMyUyMTFmMCUyMTJmMCUyMTNmMCUyMTNtMiUyMTFpMTAyNCUyMTJpNzY4JTIxNGYxMy4xJTIxM20zJTIxMW0yJTIxMXMweDQ3MDQ1YjNmYjNhZDU4NmIlMjUzQTB4ZDNkZmMzMDdjZWE4YzVlNiUyMTJzT01HJTI1MjAtJTI1MjBIUiUyNTIwTWFya2V0aW5nJTIxNWUwJTIxM20yJTIxMXNwbCUyMTJzcGwlMjE0djE2MjExMDI2Mzk1NzYlMjE1bTIlMjExc3BsJTIxMnNwbCUyMiUyMHdpZHRoJTNEJTIyNjAwJTIyJTIwaGVpZ2h0JTNEJTIyMzAwJTIyJTIwZnJhbWVib3JkZXIlM0QlMjIwJTIyJTIwc3R5bGUlM0QlMjJiYWNrZ3JvdW5kJTNBZ3JleSUyMiUyMGFsbG93ZnVsbHNjcmVlbiUzRSUzQyUyRmlmcmFtZSUzRQ==&#8221;][\/vc_column][\/vc_row][\/vc_section]","og_url":"https:\/\/omgmarketing.pl\/en\/contact-us\/","og_site_name":"OMG Marketing","article_publisher":"https:\/\/www.facebook.com\/OMG.marketing.services","article_modified_time":"2023-10-23T17:26:32+00:00","twitter_card":"summary_large_image","twitter_misc":{"Est. reading time":"1 minute"},"schema":{"@context":"https:\/\/schema.org","@graph":[{"@type":"WebPage","@id":"https:\/\/omgmarketing.pl\/en\/contact-us\/","url":"https:\/\/omgmarketing.pl\/en\/contact-us\/","name":"Contact Us - OMG Marketing","isPartOf":{"@id":"https:\/\/omgmarketing.pl\/#website"},"datePublished":"2020-10-19T09:49:47+00:00","dateModified":"2023-10-23T17:26:32+00:00","breadcrumb":{"@id":"https:\/\/omgmarketing.pl\/en\/contact-us\/#breadcrumb"},"inLanguage":"en-US","potentialAction":[{"@type":"ReadAction","target":["https:\/\/omgmarketing.pl\/en\/contact-us\/"]}]},{"@type":"BreadcrumbList","@id":"https:\/\/omgmarketing.pl\/en\/contact-us\/#breadcrumb","itemListElement":[{"@type":"ListItem","position":1,"name":"Home","item":"https:\/\/omgmarketing.pl\/en\/"},{"@type":"ListItem","position":2,"name":"Contact Us"}]},{"@type":"WebSite","@id":"https:\/\/omgmarketing.pl\/#website","url":"https:\/\/omgmarketing.pl\/","name":"OMG Marketing","description":"| Tw\u00f3j Zewn\u0119trzny Dzia\u0142 Marketingu","publisher":{"@id":"https:\/\/omgmarketing.pl\/#organization"},"potentialAction":[{"@type":"SearchAction","target":{"@type":"EntryPoint","urlTemplate":"https:\/\/omgmarketing.pl\/?s={search_term_string}"},"query-input":"required name=search_term_string"}],"inLanguage":"en-US"},{"@type":"Organization","@id":"https:\/\/omgmarketing.pl\/#organization","name":"OMG Marketing","url":"https:\/\/omgmarketing.pl\/","logo":{"@type":"ImageObject","inLanguage":"en-US","@id":"https:\/\/omgmarketing.pl\/#\/schema\/logo\/image\/","url":"https:\/\/omgmarketing.pl\/wp-content\/uploads\/2021\/03\/omg_logo_fb.png","contentUrl":"https:\/\/omgmarketing.pl\/wp-content\/uploads\/2021\/03\/omg_logo_fb.png","width":300,"height":300,"caption":"OMG Marketing"},"image":{"@id":"https:\/\/omgmarketing.pl\/#\/schema\/logo\/image\/"},"sameAs":["https:\/\/www.facebook.com\/OMG.marketing.services"]}]}},"_links":{"self":[{"href":"https:\/\/omgmarketing.pl\/en\/wp-json\/wp\/v2\/pages\/7032"}],"collection":[{"href":"https:\/\/omgmarketing.pl\/en\/wp-json\/wp\/v2\/pages"}],"about":[{"href":"https:\/\/omgmarketing.pl\/en\/wp-json\/wp\/v2\/types\/page"}],"author":[{"embeddable":true,"href":"https:\/\/omgmarketing.pl\/en\/wp-json\/wp\/v2\/users\/1"}],"replies":[{"embeddable":true,"href":"https:\/\/omgmarketing.pl\/en\/wp-json\/wp\/v2\/comments?post=7032"}],"version-history":[{"count":12,"href":"https:\/\/omgmarketing.pl\/en\/wp-json\/wp\/v2\/pages\/7032\/revisions"}],"predecessor-version":[{"id":7339,"href":"https:\/\/omgmarketing.pl\/en\/wp-json\/wp\/v2\/pages\/7032\/revisions\/7339"}],"wp:attachment":[{"href":"https:\/\/omgmarketing.pl\/en\/wp-json\/wp\/v2\/media?parent=7032"}],"curies":[{"name":"wp","href":"https:\/\/api.w.org\/{rel}","templated":true}]}}